{"id":9588,"date":"2024-02-19T13:22:34","date_gmt":"2024-02-19T12:22:34","guid":{"rendered":"https:\/\/cigip.webs.upv.es\/cigip-2025\/"},"modified":"2025-05-14T15:30:21","modified_gmt":"2025-05-14T13:30:21","slug":"cigip-2025","status":"publish","type":"page","link":"https:\/\/cigip.webs.upv.es\/en\/","title":{"rendered":"CIGIP"},"content":{"rendered":"\t\t<div data-elementor-type=\"wp-page\" data-elementor-id=\"9588\" class=\"elementor elementor-9588 elementor-6590\" data-elementor-post-type=\"page\">\n\t\t\t\t<div class=\"elementor-element elementor-element-0a235d6 e-flex e-con-boxed elementor-invisible e-con e-parent\" data-id=\"0a235d6\" data-element_type=\"container\" data-e-type=\"container\" data-settings=\"{&quot;background_background&quot;:&quot;video&quot;,&quot;animation&quot;:&quot;fadeIn&quot;,&quot;background_video_link&quot;:&quot;https:\\\/\\\/www.youtube.com\\\/watch?v=kv1ivsaqt_c&quot;,&quot;background_play_on_mobile&quot;:&quot;yes&quot;,&quot;background_privacy_mode&quot;:&quot;yes&quot;}\">\n\t\t\t\t\t<div class=\"e-con-inner\">\n\t\t<div class=\"elementor-background-video-container\">\n\t\t\t\t\t\t\t<div class=\"elementor-background-video-embed\" role=\"presentation\"><\/div>\n\t\t\t\t\t\t<\/div>\t\t<div class=\"elementor-element elementor-element-8546bd3 elementor-widget__width-initial elementor-invisible elementor-widget elementor-widget-heading\" data-id=\"8546bd3\" data-element_type=\"widget\" data-e-type=\"widget\" data-settings=\"{&quot;_animation&quot;:&quot;fadeInUp&quot;}\" data-widget_type=\"heading.default\">\n\t\t\t\t<div class=\"elementor-widget-container\">\n\t\t\t\t\t<h1 class=\"elementor-heading-title elementor-size-default\">Research Center in Production Management and Engineering<\/h1>\t\t\t\t<\/div>\n\t\t\t\t<\/div>\n\t\t\t\t<div class=\"elementor-element elementor-element-f0ab76b elementor-widget elementor-widget-button\" data-id=\"f0ab76b\" data-element_type=\"widget\" data-e-type=\"widget\" data-widget_type=\"button.default\">\n\t\t\t\t<div class=\"elementor-widget-container\">\n\t\t\t\t\t\t\t\t\t<div class=\"elementor-button-wrapper\">\n\t\t\t\t\t<a class=\"elementor-button elementor-button-link elementor-size-sm\" href=\"#elementor-action%3Aaction%3Dpopup%3Aopen%26settings%3DeyJpZCI6ODk3MSwidG9nZ2xlIjpmYWxzZX0%3D\">\n\t\t\t\t\t\t<span class=\"elementor-button-content-wrapper\">\n\t\t\t\t\t\t<span class=\"elementor-button-icon\">\n\t\t\t\t<i aria-hidden=\"true\" class=\"fas fa-play\"><\/i>\t\t\t<\/span>\n\t\t\t\t\t\t\t\t\t<span class=\"elementor-button-text\">Watch video<\/span>\n\t\t\t\t\t<\/span>\n\t\t\t\t\t<\/a>\n\t\t\t\t<\/div>\n\t\t\t\t\t\t\t\t<\/div>\n\t\t\t\t<\/div>\n\t\t\t\t\t<\/div>\n\t\t\t\t<\/div>\n\t\t<div class=\"elementor-element elementor-element-762ec10 e-flex e-con-boxed e-con e-parent\" data-id=\"762ec10\" data-element_type=\"container\" data-e-type=\"container\" data-settings=\"{&quot;background_background&quot;:&quot;classic&quot;}\">\n\t\t\t\t\t<div class=\"e-con-inner\">\n\t\t<div class=\"elementor-element elementor-element-af9a92a e-con-full e-flex e-con e-child\" data-id=\"af9a92a\" data-element_type=\"container\" data-e-type=\"container\">\n\t\t\t\t<div class=\"elementor-element elementor-element-a9e27bc elementor-invisible elementor-widget elementor-widget-heading\" data-id=\"a9e27bc\" data-element_type=\"widget\" data-e-type=\"widget\" data-settings=\"{&quot;_animation&quot;:&quot;fadeInUp&quot;}\" data-widget_type=\"heading.default\">\n\t\t\t\t<div class=\"elementor-widget-container\">\n\t\t\t\t\t<h2 class=\"elementor-heading-title elementor-size-default\">Get to know us<\/h2>\t\t\t\t<\/div>\n\t\t\t\t<\/div>\n\t\t\t\t<\/div>\n\t\t<div class=\"elementor-element elementor-element-8dd634a e-con-full e-flex e-con e-child\" data-id=\"8dd634a\" data-element_type=\"container\" data-e-type=\"container\">\n\t\t<div class=\"elementor-element elementor-element-b188532 e-con-full e-flex e-con e-child\" data-id=\"b188532\" data-element_type=\"container\" data-e-type=\"container\">\n\t\t\t\t<div class=\"elementor-element elementor-element-6991378 elementor-invisible elementor-widget elementor-widget-text-editor\" data-id=\"6991378\" data-element_type=\"widget\" data-e-type=\"widget\" data-settings=\"{&quot;_animation&quot;:&quot;fadeInUp&quot;,&quot;_animation_delay&quot;:150}\" data-widget_type=\"text-editor.default\">\n\t\t\t\t<div class=\"elementor-widget-container\">\n\t\t\t\t\t\t\t\t\t<p><strong>We develop our activity in R&amp;D&amp;i<\/strong> projects, technology transfer to companies and advanced postgraduate training in the area of \u200b\u200bOrganization Engineering and Logistics.<\/p>\t\t\t\t\t\t\t\t<\/div>\n\t\t\t\t<\/div>\n\t\t\t\t<\/div>\n\t\t<div class=\"elementor-element elementor-element-bdffb80 e-con-full e-flex e-con e-child\" data-id=\"bdffb80\" data-element_type=\"container\" data-e-type=\"container\">\n\t\t\t\t<div class=\"elementor-element elementor-element-aafa6d8 elementor-invisible elementor-widget elementor-widget-text-editor\" data-id=\"aafa6d8\" data-element_type=\"widget\" data-e-type=\"widget\" data-settings=\"{&quot;_animation&quot;:&quot;fadeInUp&quot;,&quot;_animation_delay&quot;:150}\" data-widget_type=\"text-editor.default\">\n\t\t\t\t<div class=\"elementor-widget-container\">\n\t\t\t\t\t\t\t\t\t<p>We<strong> are a multidisciplinary team made up of professors<\/strong> from the Departments of Business Organization and Applied Statistics and Operations Research and Quality of the Universitat Polit\u00e8cnica de Val\u00e8ncia, <strong>research staff<\/strong>, and <strong>doctoral students<\/strong>.<\/p>\t\t\t\t\t\t\t\t<\/div>\n\t\t\t\t<\/div>\n\t\t\t\t<\/div>\n\t\t\t\t<\/div>\n\t\t\t\t\t<\/div>\n\t\t\t\t<\/div>\n\t\t<div class=\"elementor-element elementor-element-c196ad3 e-flex e-con-boxed e-con e-parent\" data-id=\"c196ad3\" data-element_type=\"container\" data-e-type=\"container\" data-settings=\"{&quot;background_background&quot;:&quot;classic&quot;}\">\n\t\t\t\t\t<div class=\"e-con-inner\">\n\t\t\t\t<div class=\"elementor-element elementor-element-966b20b elementor-invisible elementor-widget elementor-widget-heading\" data-id=\"966b20b\" data-element_type=\"widget\" data-e-type=\"widget\" data-settings=\"{&quot;_animation&quot;:&quot;fadeInUp&quot;}\" data-widget_type=\"heading.default\">\n\t\t\t\t<div class=\"elementor-widget-container\">\n\t\t\t\t\t<h2 class=\"elementor-heading-title elementor-size-default\">The CIGIP<br>and its purpose<\/h2>\t\t\t\t<\/div>\n\t\t\t\t<\/div>\n\t\t\t\t\t<\/div>\n\t\t\t\t<\/div>\n\t\t<div class=\"elementor-element elementor-element-3f761e0 e-flex e-con-boxed e-con e-parent\" data-id=\"3f761e0\" data-element_type=\"container\" data-e-type=\"container\" data-settings=\"{&quot;background_background&quot;:&quot;classic&quot;}\">\n\t\t\t\t\t<div class=\"e-con-inner\">\n\t\t<div class=\"elementor-element elementor-element-16a8298 e-con-full e-flex e-con e-child\" data-id=\"16a8298\" data-element_type=\"container\" data-e-type=\"container\">\n\t\t\t\t<div class=\"elementor-element elementor-element-e45eb84 elementor-invisible elementor-widget elementor-widget-text-editor\" data-id=\"e45eb84\" data-element_type=\"widget\" data-e-type=\"widget\" data-settings=\"{&quot;_animation&quot;:&quot;fadeInUp&quot;,&quot;_animation_delay&quot;:150}\" data-widget_type=\"text-editor.default\">\n\t\t\t\t<div class=\"elementor-widget-container\">\n\t\t\t\t\t\t\t\t\t<span>CIGIP&#8217;s mission<\/span> is to contribute to societal development through research, development, and innovation in Industrial Engineering and Logistics, promoting the generation of high-impact knowledge, the development of innovative solutions, and the effective transfer of technology and services.\t\t\t\t\t\t\t\t<\/div>\n\t\t\t\t<\/div>\n\t\t\t\t<\/div>\n\t\t<div class=\"elementor-element elementor-element-ddc333e e-con-full e-flex e-con e-child\" data-id=\"ddc333e\" data-element_type=\"container\" data-e-type=\"container\">\n\t\t\t\t<div class=\"elementor-element elementor-element-ef60fc5 elementor-invisible elementor-widget elementor-widget-text-editor\" data-id=\"ef60fc5\" data-element_type=\"widget\" data-e-type=\"widget\" data-settings=\"{&quot;_animation&quot;:&quot;fadeInUp&quot;,&quot;_animation_delay&quot;:150}\" data-widget_type=\"text-editor.default\">\n\t\t\t\t<div class=\"elementor-widget-container\">\n\t\t\t\t\t\t\t\t\t<span>CIGIP&#8217;s vision<\/span> is to establish itself as an international benchmark in R&amp;D&amp;i, expanding its research and development capacity with a focus on the needs of its clients, strengthening its human team, boosting the generation and transfer of innovative products and services, maintaining active participation in publicly funded research projects, reinforcing its collaboration with companies to drive development and innovation, and promoting the dissemination of its knowledge through high-impact scientific publications.\t\t\t\t\t\t\t\t<\/div>\n\t\t\t\t<\/div>\n\t\t\t\t<\/div>\n\t\t\t\t\t<\/div>\n\t\t\t\t<\/div>\n\t\t<div class=\"elementor-element elementor-element-aff20c7 e-flex e-con-boxed e-con e-parent\" data-id=\"aff20c7\" data-element_type=\"container\" data-e-type=\"container\" data-settings=\"{&quot;background_background&quot;:&quot;classic&quot;}\">\n\t\t\t\t\t<div class=\"e-con-inner\">\n\t\t<div class=\"elementor-element elementor-element-cc36837 e-con-full e-flex e-con e-child\" data-id=\"cc36837\" data-element_type=\"container\" data-e-type=\"container\">\n\t\t\t\t<div class=\"elementor-element elementor-element-a443898 elementor-invisible elementor-widget elementor-widget-heading\" data-id=\"a443898\" data-element_type=\"widget\" data-e-type=\"widget\" data-settings=\"{&quot;_animation&quot;:&quot;fadeInUp&quot;}\" data-widget_type=\"heading.default\">\n\t\t\t\t<div class=\"elementor-widget-container\">\n\t\t\t\t\t<h2 class=\"elementor-heading-title elementor-size-default\">Find us<\/h2>\t\t\t\t<\/div>\n\t\t\t\t<\/div>\n\t\t\t\t<\/div>\n\t\t\t\t\t<\/div>\n\t\t\t\t<\/div>\n\t\t<div class=\"elementor-element elementor-element-a3d56cc e-flex e-con-boxed e-con e-parent\" data-id=\"a3d56cc\" data-element_type=\"container\" data-e-type=\"container\" data-settings=\"{&quot;background_background&quot;:&quot;classic&quot;}\">\n\t\t\t\t\t<div class=\"e-con-inner\">\n\t\t<div class=\"elementor-element elementor-element-3c0bb9a e-con-full e-flex e-con e-child\" data-id=\"3c0bb9a\" data-element_type=\"container\" data-e-type=\"container\">\n\t\t\t\t<div class=\"elementor-element elementor-element-4bd75c2 elementor-position-left elementor-vertical-align-bottom elementor-invisible elementor-widget elementor-widget-image-box\" data-id=\"4bd75c2\" data-element_type=\"widget\" data-e-type=\"widget\" data-settings=\"{&quot;_animation&quot;:&quot;fadeIn&quot;,&quot;_animation_delay&quot;:150}\" data-widget_type=\"image-box.default\">\n\t\t\t\t<div class=\"elementor-widget-container\">\n\t\t\t\t\t<div class=\"elementor-image-box-wrapper\"><figure class=\"elementor-image-box-img\"><img fetchpriority=\"high\" decoding=\"async\" width=\"2048\" height=\"2048\" src=\"https:\/\/cigip.webs.upv.es\/wp-content\/uploads\/2025\/03\/cigip_asset_loc_1.webp\" class=\"attachment-full size-full wp-image-8734\" alt=\"\" srcset=\"https:\/\/cigip.webs.upv.es\/wp-content\/uploads\/2025\/03\/cigip_asset_loc_1.webp 2048w, https:\/\/cigip.webs.upv.es\/wp-content\/uploads\/2025\/03\/cigip_asset_loc_1-300x300.webp 300w, https:\/\/cigip.webs.upv.es\/wp-content\/uploads\/2025\/03\/cigip_asset_loc_1-1024x1024.webp 1024w, https:\/\/cigip.webs.upv.es\/wp-content\/uploads\/2025\/03\/cigip_asset_loc_1-150x150.webp 150w, https:\/\/cigip.webs.upv.es\/wp-content\/uploads\/2025\/03\/cigip_asset_loc_1-768x768.webp 768w, https:\/\/cigip.webs.upv.es\/wp-content\/uploads\/2025\/03\/cigip_asset_loc_1-1536x1536.webp 1536w\" sizes=\"(max-width: 2048px) 100vw, 2048px\" \/><\/figure><div class=\"elementor-image-box-content\"><h3 class=\"elementor-image-box-title\">Universitat Polit\u00e8cnica de Val\u00e8ncia<\/h3><p class=\"elementor-image-box-description\">Camino de Vera s\/n <br>Ed. 8B 2\u00aa Planta Acceso L <br>Ciudad Polit\u00e9cnica de la Innovaci\u00f3n <br>46022 Valencia - Espa\u00f1a. \n<\/p><\/div><\/div>\t\t\t\t<\/div>\n\t\t\t\t<\/div>\n\t\t\t\t<\/div>\n\t\t<div class=\"elementor-element elementor-element-5bab3f4 e-con-full e-flex e-con e-child\" data-id=\"5bab3f4\" data-element_type=\"container\" data-e-type=\"container\">\n\t\t\t\t<div class=\"elementor-element elementor-element-96577cd elementor-position-left elementor-vertical-align-bottom elementor-invisible elementor-widget elementor-widget-image-box\" data-id=\"96577cd\" data-element_type=\"widget\" data-e-type=\"widget\" data-settings=\"{&quot;_animation&quot;:&quot;fadeIn&quot;,&quot;_animation_delay&quot;:300}\" data-widget_type=\"image-box.default\">\n\t\t\t\t<div class=\"elementor-widget-container\">\n\t\t\t\t\t<div class=\"elementor-image-box-wrapper\"><figure class=\"elementor-image-box-img\"><img decoding=\"async\" width=\"2048\" height=\"2048\" src=\"https:\/\/cigip.webs.upv.es\/wp-content\/uploads\/2025\/03\/cigip_asset_loc_2.webp\" class=\"attachment-full size-full wp-image-8735\" alt=\"\" srcset=\"https:\/\/cigip.webs.upv.es\/wp-content\/uploads\/2025\/03\/cigip_asset_loc_2.webp 2048w, https:\/\/cigip.webs.upv.es\/wp-content\/uploads\/2025\/03\/cigip_asset_loc_2-300x300.webp 300w, https:\/\/cigip.webs.upv.es\/wp-content\/uploads\/2025\/03\/cigip_asset_loc_2-1024x1024.webp 1024w, https:\/\/cigip.webs.upv.es\/wp-content\/uploads\/2025\/03\/cigip_asset_loc_2-150x150.webp 150w, https:\/\/cigip.webs.upv.es\/wp-content\/uploads\/2025\/03\/cigip_asset_loc_2-768x768.webp 768w, https:\/\/cigip.webs.upv.es\/wp-content\/uploads\/2025\/03\/cigip_asset_loc_2-1536x1536.webp 1536w\" sizes=\"(max-width: 2048px) 100vw, 2048px\" \/><\/figure><div class=\"elementor-image-box-content\"><h3 class=\"elementor-image-box-title\">Escuela Polit\u00e9cnica Superior de Alcoy Universitat Polit\u00e8cnica de Val\u00e8ncia<\/h3><p class=\"elementor-image-box-description\">Calle Alarc\u00f3n, 1 <br>Centro de Innovaci\u00f3n e Investigaci\u00f3n <br>03801 Alcoy (Alicante) - Espa\u00f1a.<\/p><\/div><\/div>\t\t\t\t<\/div>\n\t\t\t\t<\/div>\n\t\t\t\t<\/div>\n\t\t\t\t\t<\/div>\n\t\t\t\t<\/div>\n\t\t\t\t<\/div>\n\t\t","protected":false},"excerpt":{"rendered":"<p>Research Center in Production Management and Engineering Watch video Get to know us We develop our activity in R&amp;D&amp;i projects, technology transfer to companies and advanced postgraduate training in the area of \u200b\u200bOrganization Engineering and Logistics. We are a multidisciplinary team made up of professors from the Departments of Business Organization and Applied Statistics and [&hellip;]<\/p>\n","protected":false},"author":7,"featured_media":0,"parent":0,"menu_order":0,"comment_status":"closed","ping_status":"closed","template":"","meta":{"_eb_attr":"","footnotes":""},"class_list":["post-9588","page","type-page","status-publish","hentry"],"_links":{"self":[{"href":"https:\/\/cigip.webs.upv.es\/en\/wp-json\/wp\/v2\/pages\/9588","targetHints":{"allow":["GET"]}}],"collection":[{"href":"https:\/\/cigip.webs.upv.es\/en\/wp-json\/wp\/v2\/pages"}],"about":[{"href":"https:\/\/cigip.webs.upv.es\/en\/wp-json\/wp\/v2\/types\/page"}],"author":[{"embeddable":true,"href":"https:\/\/cigip.webs.upv.es\/en\/wp-json\/wp\/v2\/users\/7"}],"replies":[{"embeddable":true,"href":"https:\/\/cigip.webs.upv.es\/en\/wp-json\/wp\/v2\/comments?post=9588"}],"version-history":[{"count":5,"href":"https:\/\/cigip.webs.upv.es\/en\/wp-json\/wp\/v2\/pages\/9588\/revisions"}],"predecessor-version":[{"id":9651,"href":"https:\/\/cigip.webs.upv.es\/en\/wp-json\/wp\/v2\/pages\/9588\/revisions\/9651"}],"wp:attachment":[{"href":"https:\/\/cigip.webs.upv.es\/en\/wp-json\/wp\/v2\/media?parent=9588"}],"curies":[{"name":"wp","href":"https:\/\/api.w.org\/{rel}","templated":true}]}}